{"id":496,"date":"2020-01-26T15:50:43","date_gmt":"2020-01-26T14:50:43","guid":{"rendered":"https:\/\/anthonygrenier.wordpress.com\/?page_id=496"},"modified":"2025-12-10T15:37:55","modified_gmt":"2025-12-10T14:37:55","slug":"conseils","status":"publish","type":"page","link":"https:\/\/anthonygrenier.be\/en\/conseils\/","title":{"rendered":"Conseils"},"content":{"rendered":"<p>Cela fait des ann\u00e9es que je ne suis plus revenu sur cette page. Elle est n\u00e9e d&rsquo;une discussion sur Skyrock, avant sa fermeture. \u00c0 l&rsquo;\u00e9poque, un individu avait \u00e9crit un texte qui parlait d&rsquo;angoisses et de cris pour ensuite parler de sandwich. Et c&rsquo;est la raison pour laquelle j&rsquo;ai r\u00e9dig\u00e9 cette section ! Voici d\u00e9sormais son \u00e9volution logique :3<\/p>\n\n\n\n<h2 class=\"wp-block-heading\" id=\"1-adopter-sa-propre-methode-et-la-suivre\"><strong>1 &#8211; Adopter sa propre m\u00e9thode et la suivre<\/strong><\/h2>\n\n\n\n<p>La premi\u00e8re chose \u00e0 faire est de se conna\u00eetre. Si vous avez l&rsquo;habitude de vous perdre dans l&rsquo;arborescence des donn\u00e9es de votre esprit, n&rsquo;h\u00e9sitez pas \u00e0 vous donner une ligne de conduite afin de ne pas vous \u00e9garer du th\u00e8me global. Par exemple, choisissez quelques mots dits \u00ab\u00a0ma\u00eetres\u00a0\u00bb qui repr\u00e9senteront l&rsquo;essence du texte \u2192 bonheur, joie, m\u00e9pris, tristesse. Ici, l&rsquo;\u00e9volution se fera \u00e0 travers ces quatre mots ; un peu comme un cycle logique, ce qui vous permettra d&rsquo;adopter une cr\u00e9ativit\u00e9 quant \u00e0 son expression. Cependant, il est pr\u00e9f\u00e9rable de rester dans l&rsquo;id\u00e9e fondatrice du texte ; histoire de ne pas d\u00e9truire l&rsquo;enti\u00e8ret\u00e9 de votre cr\u00e9ation en un clic. N&rsquo;oubliez pas que le but est de cr\u00e9er ou de transmettre une \u00e9motion chez le lecteur. Il est donc capital que votre message soit d\u00e9chiffrable, sans qu&rsquo;il ait besoin d&rsquo;une cl\u00e9 de d\u00e9cryptage que vous seul poss\u00e9dez. <\/p>\n\n\n\n<h2 class=\"wp-block-heading\" id=\"2-accepter-les-erreurs-et-les-surpasser\"><strong>2 &#8211; Accepter les erreurs et les surpasser<\/strong><\/h2>\n\n\n\n<p>Au tout d\u00e9but, cela risque d&rsquo;\u00eatre difficile d&rsquo;accepter ses erreurs, alors que nous sommes tous dans un apprentissage constant. Il ne faut pas h\u00e9siter \u00e0 consulter des dictionnaires de rimes, synonymes ou m\u00eame l&rsquo;intelligence artificielle (avec parcimonie !). N&rsquo;oubliez pas que ce sont des outils qui vous permettent d&rsquo;apprendre,  mais votre mani\u00e8re de les utiliser se doit d&rsquo;\u00eatre optimale afin de ne pas y devenir d\u00e9pendant sur tous les points. <\/p>\n\n\n\n<p>L&rsquo;utilisation des mots est un peu comme l&rsquo;art de la danse. La pr\u00e9cision est essentielle sous peine de risquer la chute, parfois douce, parfois brutale. Pr\u00eatez une attention particuli\u00e8re aux r\u00e9p\u00e9titions involontaires, qu&rsquo;il s&rsquo;agisse du m\u00eame mot ou de sonorit\u00e9s proches. Quant aux impr\u00e9cisions, faites attention \u00e0 la mani\u00e8re dont vous les utilisez. La surprise est agr\u00e9able si cette derni\u00e8re n&rsquo;a pas \u00e9t\u00e9 d\u00e9voil\u00e9e, mais \u00e9galement g\u00e2ch\u00e9e par la maladresse. <\/p>\n\n\n\n<h2 class=\"wp-block-heading\" id=\"3-le-dilemme-du-refrain-et-son-evolution-logique\"><strong>3 &#8211; Le dilemme du refrain et son \u00e9volution logique<\/strong><\/h2>\n\n\n\n<p id=\"4-le-refrain\">Le refrain est l&rsquo;\u00e9l\u00e9ment qui permettra de rappeler l&rsquo;\u00e2me de votre plume. Il repr\u00e9sentera la cl\u00e9 du coffre sommeillant dans votre esprit. Tout comme son contenu, il \u00e9voluera \u00e0 travers le temps. Le but est de captiver l&rsquo;attention et d&rsquo;inclure une potentielle logique \u00e9volutive, si n\u00e9cessaire. Personnellement, j&rsquo;appr\u00e9cie fortement cela si cela permet de d\u00e9crire une histoire ; \u00e0 l&rsquo;inverse, je ne le ferai pas si l&rsquo;id\u00e9e est volontairement statique. Pour ce faire, je garde habituellement le m\u00eame style en changeant parfois quelques mots, parfois quelques phrases. Exemple : pluie \u2192 soleil ; j&rsquo;ai \u00e9t\u00e9 vaincu \u2192 je suis revenu. <\/p>\n\n\n\n<p>Il est possible de ne pas en utiliser, \u00e0 l&rsquo;instar de la po\u00e9sie classique, o\u00f9 son absence fut plus fr\u00e9quente. N&rsquo;oublions pas que la musique moderne a int\u00e9gr\u00e9 cette pratique pour le confort. Cela pose un d\u00e9fi plus cons\u00e9quent de s&rsquo;en passer : l&rsquo;enti\u00e8ret\u00e9 du texte devra captiver l&rsquo;attention en se passant de la force de relance li\u00e9e au refrain. \u00c0 la moindre baisse d&rsquo;intensit\u00e9, le risque de d\u00e9crochage du th\u00e8me par le lecteur est accru. En effet, un refrain sert d&rsquo;impact, permettant de mettre en place des strophes moins contraignantes. <\/p>\n\n\n\n<p>Pour r\u00e9capituler, pensez \u00e0 votre sch\u00e9ma narratif :<\/p>\n\n\n\n<p> \u00ab\u00a0<em>Bonheur \u2192 \u00c9v\u00e9nement  \u2192 Malheur<\/em>\u00a0\u00bb  ou bien \u00ab\u00a0<em>Malheur \u2192 Catastrophe \u2192 D\u00e9sespoir<\/em>\u00ab\u00a0<br><\/p>\n\n\n\n<h2 class=\"wp-block-heading\" id=\"4-le-piege-du-processus-creatif\"><strong>4 &#8211; Le pi\u00e8ge du processus cr\u00e9atif<\/strong><\/h2>\n\n\n\n<p id=\"4-le-piege-des-rimes-et-du-perfectionnisme\">Petite pr\u00e9cision pour les personnes perfectionnistes, terminez d&rsquo;abord votre premier jet avant de chercher \u00e0 le peaufiner ! L&rsquo;id\u00e9e se d\u00e9veloppe de temps en temps en une heure, parfois en jours ou semaines ou bien m\u00eame des mois ! Personnellement, je garde la plupart de mes brouillons et des versions pr\u00e9c\u00e9dentes sur le m\u00eame document, par s\u00e9curit\u00e9 d&rsquo;esprit. C&rsquo;est \u00e9galement une mani\u00e8re de prouver plus ais\u00e9ment que ce processus provient de vous-m\u00eames. Il est plus facile de revenir \u00e0 l&rsquo;historique et de comparer ce qui convient au mieux ainsi que de mettre en place des changements tels que des rimes. <\/p>\n\n\n\n<h2 class=\"wp-block-heading\" id=\"5-proteger-son-oeuvre\"><strong>5 &#8211; Prot\u00e9ger son \u0153uvre<\/strong><\/h2>\n\n\n\n<p id=\"5-proteger-son-oeuvre\">Pour cl\u00f4turer, il s&rsquo;av\u00e8re que toute cr\u00e9ation assez originale pour n&rsquo;exister qu&rsquo;une seule fois, sera directement soumise aux droits intellectuels. Cependant, j&rsquo;ai pris l&rsquo;habitude d&rsquo;ajouter cette mention \u00e0 la fin de chaque article, cela me sert par ailleurs d&rsquo;historique de publication. <\/p>\n\n\n\n<p>Exemple : <span style=\"color:#993300;\">\u00a9 Anthony Grenier \u2013 jour\/mois\/ann\u00e9e<\/span><\/p>\n\n\n\n<p>Au pr\u00e9alable, j&rsquo;ai mentionn\u00e9 l&rsquo;importance de garder ses propres brouillons, \u00e0 la fois pour le processus cr\u00e9atif, mais aussi pour savoir prouver l&rsquo;historique de votre cr\u00e9ation. Il est possible de prot\u00e9ger vos textes, mais cela ne concerne que les versions abouties, car la moindre modification est payante.<\/p>\n\n\n\n<p><strong>Quelques liens utiles :<\/strong><\/p>\n\n\n\n<ul class=\"wp-block-list\">\n<li><a href=\"https:\/\/fr.wikipedia.org\/wiki\/Droit_d%27auteur\" target=\"_blank\" rel=\"noreferrer noopener\">https:\/\/fr.wikipedia.org\/wiki\/Droit_d%27auteur<\/a> (Les bases l\u00e9gales)<\/li>\n\n\n\n<li><a href=\"https:\/\/www.boip.int\/fr\/entrepreneurs\/idees\/consigner-un-i-depot\">https:\/\/www.boip.int\/fr\/entrepreneurs\/idees\/consigner-un-i-depot<\/a> (L&rsquo;i-DEPOT Benelux : pour horodater et prouver l&rsquo;existence de vos textes)<\/li>\n\n\n\n<li><a href=\"https:\/\/www.sabam.be\/fr\" target=\"_blank\" rel=\"noreferrer noopener\">https:\/\/www.sabam.be\/fr<\/a> (La gestion des droits d&rsquo;auteur en Belgique)<\/li>\n\n\n\n<li><a href=\"https:\/\/creativecommons.org\/licenses\/?lang=fr\" target=\"_blank\" rel=\"noreferrer noopener\">https:\/\/creativecommons.org\/licenses\/?lang=fr<\/a> (Les licences Creative Commons : pour partager vos textes tout en les prot\u00e9geant)<\/li>\n<\/ul>\n\n\n\n<p>Derni\u00e8re modification le 10 d\u00e9cembre 2025 ! :3<\/p>","protected":false},"excerpt":{"rendered":"<p>Cela fait des ann\u00e9es que je ne suis plus revenu sur cette page. Elle est n\u00e9e d&rsquo;une discussion sur Skyrock, avant sa fermeture. \u00c0 l&rsquo;\u00e9poque, un individu avait \u00e9crit un texte qui parlait d&rsquo;angoisses et de cris pour ensuite parler de sandwich. Et c&rsquo;est la raison pour laquelle j&rsquo;ai r\u00e9dig\u00e9 cette section ! Voici d\u00e9sormais son \u00e9volution logique :3 1 &#8211; Adopter sa propre m\u00e9thode et la suivre La premi\u00e8re chose \u00e0 faire est de se conna\u00eetre. Si vous avez l&rsquo;habitude de vous perdre dans l&rsquo;arborescence des donn\u00e9es de votre esprit, n&rsquo;h\u00e9sitez pas \u00e0 vous donner une ligne de conduite&#8230;<\/p>\n<div class=\"more-link-wrapper\"><a class=\"more-link\" href=\"https:\/\/anthonygrenier.be\/en\/conseils\/\">Je souhaiterai voir la suite!<span class=\"screen-reader-text\">Conseils<\/span><\/a><\/div>","protected":false},"author":1,"featured_media":0,"parent":0,"menu_order":0,"comment_status":"closed","ping_status":"closed","template":"","meta":{"_gspb_post_css":"","_uag_custom_page_level_css":"","iawp_total_views":73,"footnotes":""},"class_list":["post-496","page","type-page","status-publish","hentry","entry"],"uagb_featured_image_src":{"full":false,"thumbnail":false,"medium":false,"medium_large":false,"large":false,"1536x1536":false,"2048x2048":false,"trp-custom-language-flag":false},"uagb_author_info":{"display_name":"Anthony","author_link":"https:\/\/anthonygrenier.be\/en\/author\/anthony\/"},"uagb_comment_info":0,"uagb_excerpt":"Cela fait des ann\u00e9es que je ne suis plus revenu sur cette page. Elle est n\u00e9e d&rsquo;une discussion sur Skyrock, avant sa fermeture. \u00c0 l&rsquo;\u00e9poque, un individu avait \u00e9crit un texte qui parlait d&rsquo;angoisses et de cris pour ensuite parler de sandwich. Et c&rsquo;est la raison pour laquelle j&rsquo;ai r\u00e9dig\u00e9 cette section ! Voici d\u00e9sormais&hellip;","_links":{"self":[{"href":"https:\/\/anthonygrenier.be\/en\/wp-json\/wp\/v2\/pages\/496","targetHints":{"allow":["GET"]}}],"collection":[{"href":"https:\/\/anthonygrenier.be\/en\/wp-json\/wp\/v2\/pages"}],"about":[{"href":"https:\/\/anthonygrenier.be\/en\/wp-json\/wp\/v2\/types\/page"}],"author":[{"embeddable":true,"href":"https:\/\/anthonygrenier.be\/en\/wp-json\/wp\/v2\/users\/1"}],"replies":[{"embeddable":true,"href":"https:\/\/anthonygrenier.be\/en\/wp-json\/wp\/v2\/comments?post=496"}],"version-history":[{"count":12,"href":"https:\/\/anthonygrenier.be\/en\/wp-json\/wp\/v2\/pages\/496\/revisions"}],"predecessor-version":[{"id":1277,"href":"https:\/\/anthonygrenier.be\/en\/wp-json\/wp\/v2\/pages\/496\/revisions\/1277"}],"wp:attachment":[{"href":"https:\/\/anthonygrenier.be\/en\/wp-json\/wp\/v2\/media?parent=496"}],"curies":[{"name":"wp","href":"https:\/\/api.w.org\/{rel}","templated":true}]}}